{"id":15,"date":"2014-03-12T22:11:29","date_gmt":"2014-03-12T21:11:29","guid":{"rendered":"https:\/\/sonda.hr\/?page_id=15"},"modified":"2023-06-16T14:06:01","modified_gmt":"2023-06-16T12:06:01","slug":"o-nama","status":"publish","type":"page","link":"https:\/\/sonda.hr\/hr\/o-nama\/","title":{"rendered":"Studio Sonda"},"content":{"rendered":"<p>Mi smo Sonda, me\u0111unarodno prepoznat i nagra\u0111ivan kreativni tim koji razumije kako stvarati globalno relevantne brendove, strategije i projekte tako da ostvaruju realan tr\u017ei\u0161ni uspjeh, dokazuju snagu kreativnosti, a prije svega\u00a0povezuju i stvaraju bolje dru\u0161tvo.\u00a0Na\u0161a\u00a0snaga je\u00a0u tome da to radimo zajedno, s tobom!<\/p>\n<p>Princip rada u koji vjerujemo zanemaruje klasi\u010dne granice koje postoje na relaciji klijent &#8211; agencija &#8211; korisnik i stvara partnerski odnos kao bazu za rad na komunikacijskim i kreativnim strategijama te brendovima budu\u0107nosti. Vi nam omogu\u0107ujete kvalitetno upoznavanje i razumijevanje svrhe izazova koje nastojite rije\u0161iti ili unaprijediti, a zatim zajedno istra\u017eivanjem, promi\u0161ljanjem i strate\u0161kim planiranjem biramo alate i mehanizme te stvaramo kreativne koncepte koji se uvijek razlikuju od slu\u010daja do slu\u010daja, budu\u0107i da su osmi\u0161ljeni ba\u0161 za va\u0161u konkretnu potrebu. Takav na\u010din rada garancija je logi\u010dnih i intuitivnih rje\u0161enja koja su strate\u0161ki promi\u0161ljena, potpuno personalizirana, tr\u017ei\u0161no u\u010dinkovita, originalna te nastoje imati \u010dim pozitivniji utjecaj na dru\u0161tvo i planetu.<\/p>\n<p>We create better brands and better future, with you.<\/p>\n","protected":false},"excerpt":{"rendered":"<p>Mi smo Sonda, me\u0111unarodno prepoznat i nagra\u0111ivan kreativni tim koji razumije kako stvarati globalno relevantne brendove, strategije i projekte tako da ostvaruju realan tr\u017ei\u0161ni uspjeh, dokazuju snagu kreativnosti, a prije svega\u00a0povezuju i stvaraju bolje dru\u0161tvo.\u00a0Na\u0161a\u00a0snaga je\u00a0u tome da to radimo zajedno, s tobom! Princip rada u koji vjerujemo zanemaruje klasi\u010dne granice koje postoje na relaciji [&hellip;]<\/p>\n","protected":false},"author":1,"featured_media":10255,"parent":0,"menu_order":0,"comment_status":"open","ping_status":"open","template":"about.php","meta":{"_acf_changed":false,"footnotes":""},"class_list":["post-15","page","type-page","status-publish","has-post-thumbnail","hentry"],"acf":{"gallery":""},"wpml_current_locale":"hr","wpml_translations":{"en_US":{"locale":"en_US","id":17,"slug":"about-us","post_title":"Studio Sonda","href":"https:\/\/sonda.hr\/about-us\/"}},"_links":{"self":[{"href":"https:\/\/sonda.hr\/hr\/wp-json\/wp\/v2\/pages\/15","targetHints":{"allow":["GET"]}}],"collection":[{"href":"https:\/\/sonda.hr\/hr\/wp-json\/wp\/v2\/pages"}],"about":[{"href":"https:\/\/sonda.hr\/hr\/wp-json\/wp\/v2\/types\/page"}],"author":[{"embeddable":true,"href":"https:\/\/sonda.hr\/hr\/wp-json\/wp\/v2\/users\/1"}],"replies":[{"embeddable":true,"href":"https:\/\/sonda.hr\/hr\/wp-json\/wp\/v2\/comments?post=15"}],"version-history":[{"count":17,"href":"https:\/\/sonda.hr\/hr\/wp-json\/wp\/v2\/pages\/15\/revisions"}],"predecessor-version":[{"id":6419,"href":"https:\/\/sonda.hr\/hr\/wp-json\/wp\/v2\/pages\/15\/revisions\/6419"}],"wp:featuredmedia":[{"embeddable":true,"href":"https:\/\/sonda.hr\/hr\/wp-json\/wp\/v2\/media\/10255"}],"wp:attachment":[{"href":"https:\/\/sonda.hr\/hr\/wp-json\/wp\/v2\/media?parent=15"}],"curies":[{"name":"wp","href":"https:\/\/api.w.org\/{rel}","templated":true}]}}