{"id":5087,"date":"2020-03-07T11:45:01","date_gmt":"2020-03-07T10:45:01","guid":{"rendered":"https:\/\/sonda.hr\/?page_id=5087"},"modified":"2020-03-09T21:30:20","modified_gmt":"2020-03-09T20:30:20","slug":"eu-projekti","status":"publish","type":"page","link":"https:\/\/sonda.hr\/hr\/eu-projekti\/","title":{"rendered":"EU projekti"},"content":{"rendered":"<p><strong>Naziv projekta:<\/strong>\u00a0PROJECT FIRST &#8211; Fotografije Izdava\u0161tvo Regionalni Studio<\/p>\n<p><strong>Kratki opis projekta:\u00a0<\/strong>Predmet projekta je diversifikacija proizvodnje poduze\u0107a Studio Sonda pru\u017eanjem nove usluge koja se odnosi na djelatnost izdavanja profesionalnih digitalnih fotografija u novoizgra\u0111enom i opremeljenom fotografskom studiju \u0161to \u0107e omogu\u0107iti privla\u010denje novih klijenata i \u0161irenje na nova tr\u017ei\u0161ta, pove\u0107anje prihoda i broja zaposlenih. Provedba projekta podrazumijeva izgradnju nove poslovne zgrade, nabavu opreme za rad profesionalnog fotografskog studija te provedbu ostalih popratnih aktivnosti nu\u017enih za realizaciju investicije.<\/p>\n<p><strong>Ciljevi i o\u010dekivani rezultati projekta:\u00a0<\/strong>Cilj projekta je uvo\u0111enje nove usluge kojom \u0107e se zaokru\u017eiti dosada\u0161nji raspon usluga koje poduze\u0107e pru\u017ea, pove\u0107anje razine kvalitete postoje\u0107ih usluga, pove\u0107anje izvoza i stvaranje novih radnih mjesta. Rezultat projekta biti \u0107e izgra\u0111en i opremljen profesionalni fotografski studio za izdavanje digitalnih fotografija \u0161to \u0107e omogu\u0107iti diversifikaciju usluga poslovne jedinice i doprinijeti pove\u0107anju prometa, ja\u010danju konkurentnosti, pove\u0107anju izvoza i stvaranju novih radnih mjesta.<\/p>\n<p><strong>Ukupna vrijednost projekta:<\/strong>\u00a07.000.000,00 HRK<\/p>\n<p><strong>Iznos koji sufinancira EU:<\/strong>\u00a02.554.715,55 HRK<\/p>\n<p><strong>Razdoblje provedbe projekta:<\/strong>\u00a025.07.2018. &#8211; 25.03.2020.<\/p>\n<p><strong>Kontakt osobe za vi\u0161e informacija: Albert Jedrej\u010di\u0107\u00a0<\/strong><\/p>\n<p><img loading=\"lazy\" decoding=\"async\" class=\"alignnone size-full wp-image-5093\" src=\"https:\/\/sonda.hr\/wp-content\/uploads\/2020\/03\/eu-fondovi.png\" alt=\"\" width=\"800\" height=\"128\" srcset=\"https:\/\/sonda.hr\/wp-content\/uploads\/2020\/03\/eu-fondovi.png 800w, https:\/\/sonda.hr\/wp-content\/uploads\/2020\/03\/eu-fondovi-300x48.png 300w, https:\/\/sonda.hr\/wp-content\/uploads\/2020\/03\/eu-fondovi-768x123.png 768w\" sizes=\"auto, (max-width: 800px) 100vw, 800px\" \/><\/p>\n<p>Projekt je sufinancirala Europska unija iz Europskog fonda za regionalni razvoj.<\/p>\n<p>Sadr\u017eaj web stranice isklju\u010diva je odgovornost poduze\u0107a Studio Sonda.<\/p>\n<p><a href=\"http:\/\/www.strukturnifondovi.hr\" target=\"_blank\" rel=\"noopener noreferrer\">www.strukturnifondovi.hr<\/a><\/p>\n<hr \/>\n<p><b>Naziv projekta<\/b>: Optimizacija poslovnih procesa u poduze\u0107u Studio Sonda d.o.o.<\/p>\n<p><b>Kratki opis projekta<\/b>:<\/p>\n<p>Provo\u0111enjem projekta &#8220;Optimizacija poslovnih procesa u poduze\u0107u Studio Sonda d.o.o.&#8221; uvodi se personalizirano programsko rje\u0161enje za optimizaciju poslovanja i upravljanje projektima te se uspostavlja centralni sustav za pohranu i razmjenu podataka, \u0161to \u0107e uslijed naglog porasta obujma poslovanja i zaposlenika poduze\u0107u omogu\u0107iti pove\u0107anje u\u010dinkovitosti i realizaciju dugoro\u010dnih ciljeva. Projektne aktivnosti obuhva\u0107aju razvoj i implementaciju personaliziranog softvera, nabavu sustava za centralnu pohranu podataka, nabavu ra\u010dunalne opreme te konstrukciju server sobe.<\/p>\n<p><b>Ciljevi i o\u010dekivani rezultati projekta<\/b>:<\/p>\n<p>Op\u0107i cilj projekta jest pove\u0107anjem kvalitete usluge doprinijeti pobolj\u0161anju tr\u017ei\u0161nog polo\u017eaja poduze\u0107a na doma\u0107em i inozemnom tr\u017ei\u0161tu, ja\u010danju konkurentnosti i u\u010dinkovitosti poslovanja poduzetnika u podru\u010djima s razvojnim posebnustima Republike Hrvatske.<\/p>\n<p>Specifi\u010dni ciljevi projekta jesu:<\/p>\n<ul>\n<li>Uvo\u0111enje personaliziranog programskog rje\u0161enja za optimizaciju poslovanja i upravljanje projektima u poslovanju poduze\u0107a Studio Sonda<\/li>\n<li>Uspostavljanje centralnog sustava za pohranu i razmjenu podataka<\/li>\n<li>Pru\u017eanje kvalitetnije finalne usluge krajnjem kupcu<\/li>\n<\/ul>\n<p>O\u010dekivani rezultati projekta:<\/p>\n<p>nabavljena nova ra\u010dunalna oprema; uspostavljen centralni sustav za pohranu podataka; izra\u0111ena server soba; uvedeno novo programsko rje\u0161enje za upravljanje poslovanjem i projektima poduze\u0107a; educirani djelatnici za rad na novom programskom rje\u0161enju<\/p>\n<p><b>Ukupan iznos projekta<\/b>: 216.252,75 kn<\/p>\n<p><b>Iznos EU potpore<\/b>: 144.001,65 kn<\/p>\n<p><b>Razdoblje provedbe projekta<\/b>: 09.sije\u010dnja 2017 &#8211; 09. kolovoza 2017<\/p>\n<p><b>Kontakt osoba za vi\u0161e informacija<\/b>: <b>Albert Jedrej\u010di\u0107<\/b><\/p>\n<p><b>Nabava opreme sufinancirana je sredstvima Europske unije iz Europskog fonda za regionalni razvoj<\/b><\/p>\n","protected":false},"excerpt":{"rendered":"<p>Naziv projekta:\u00a0PROJECT FIRST &#8211; Fotografije Izdava\u0161tvo Regionalni Studio Kratki opis projekta:\u00a0Predmet projekta je diversifikacija proizvodnje poduze\u0107a Studio Sonda pru\u017eanjem nove usluge koja se odnosi na djelatnost izdavanja profesionalnih digitalnih fotografija u novoizgra\u0111enom i opremeljenom fotografskom studiju \u0161to \u0107e omogu\u0107iti privla\u010denje novih klijenata i \u0161irenje na nova tr\u017ei\u0161ta, pove\u0107anje prihoda i broja zaposlenih. Provedba projekta podrazumijeva [&hellip;]<\/p>\n","protected":false},"author":1,"featured_media":0,"parent":0,"menu_order":0,"comment_status":"closed","ping_status":"closed","template":"","meta":{"_acf_changed":false,"footnotes":""},"class_list":["post-5087","page","type-page","status-publish","hentry"],"acf":{"gallery":""},"wpml_current_locale":"hr","wpml_translations":{"en_US":{"locale":"en_US","id":5085,"slug":"eu-projects","post_title":"EU projects","href":"https:\/\/sonda.hr\/eu-projects\/"}},"_links":{"self":[{"href":"https:\/\/sonda.hr\/hr\/wp-json\/wp\/v2\/pages\/5087","targetHints":{"allow":["GET"]}}],"collection":[{"href":"https:\/\/sonda.hr\/hr\/wp-json\/wp\/v2\/pages"}],"about":[{"href":"https:\/\/sonda.hr\/hr\/wp-json\/wp\/v2\/types\/page"}],"author":[{"embeddable":true,"href":"https:\/\/sonda.hr\/hr\/wp-json\/wp\/v2\/users\/1"}],"replies":[{"embeddable":true,"href":"https:\/\/sonda.hr\/hr\/wp-json\/wp\/v2\/comments?post=5087"}],"version-history":[{"count":13,"href":"https:\/\/sonda.hr\/hr\/wp-json\/wp\/v2\/pages\/5087\/revisions"}],"predecessor-version":[{"id":5109,"href":"https:\/\/sonda.hr\/hr\/wp-json\/wp\/v2\/pages\/5087\/revisions\/5109"}],"wp:attachment":[{"href":"https:\/\/sonda.hr\/hr\/wp-json\/wp\/v2\/media?parent=5087"}],"curies":[{"name":"wp","href":"https:\/\/api.w.org\/{rel}","templated":true}]}}