{"id":5903,"date":"2022-02-01T12:48:45","date_gmt":"2022-02-01T11:48:45","guid":{"rendered":"https:\/\/sonda.hr\/?page_id=5903"},"modified":"2026-01-27T12:40:15","modified_gmt":"2026-01-27T11:40:15","slug":"ti","status":"publish","type":"page","link":"https:\/\/sonda.hr\/hr\/ti\/","title":{"rendered":"YOU"},"content":{"rendered":"<p><strong>DIGITAL CONTENT MANAGER (m\/\u017e)<\/strong><\/p>\n<p>Rok prijave: <b>16.02.2026.<\/b><\/p>\n<p>Prijave: \u017eivotopis i portfelj slati na <a href=\"mailto:posao@sonda.hr\">posao@sonda.hr<\/a><\/p>\n<p><strong>Opis radnog mjesta<\/strong><\/p>\n<p>Tra\u017eimo novog \u010dlana ili \u010dlanicu na\u0161eg kreativnog tima. Osoba na ovoj poziciji odgovorna je za promociju projekata Sonde digitalnim kanalima te osmi\u0161ljavanje, vo\u0111enje i razvoj digitalnih sadr\u017eaja i projekata za Sondu i klijente uz blisku suradnju s kreativnim timom.<\/p>\n<p><strong>Vrsta posla<\/strong><\/p>\n<ul>\n<li>Provedba digitalnih i komunikacijskih strategija za Sondu i klijente<\/li>\n<li>Planiranje, kreiranje i objavljivanje digitalnog sadr\u017eaja (tekst, vizuali, video)<\/li>\n<li>Upravljanje dru\u0161tvenim mre\u017eama i web sadr\u017eajem<\/li>\n<li>Ostala promocija digitalnim kanalima<\/li>\n<li>Planiranje i provedba digitalnih kampanja za klijente<\/li>\n<li>Pra\u0107enje rezultata, analiza i izvje\u0161tavanje<\/li>\n<li>Koordinacija timova i suradnika na digitalnim projektima<\/li>\n<\/ul>\n<p><strong>Glavni zadaci<\/strong><\/p>\n<ul>\n<li>Upravljanje dru\u0161tvenim mre\u017eama Sonde i odabranih klijenata te njihov razvoj<\/li>\n<li>Izrada mjese\u010dnih planova objava i digitalnih aktivnosti<\/li>\n<li>Kreiranje i prilagodba sadr\u017eaja prema ciljevima klijenata<\/li>\n<li>Kreiranje i ure\u0111ivanje web sadr\u017eaja (CMS)<\/li>\n<li>Provedba digitalnih kampanja i ostali poslovi promocije digitalnim putem<\/li>\n<li>Pra\u0107enje trendova digitalnog marketinga i dru\u0161tvenih mre\u017ea<\/li>\n<li>Postavljanje i pra\u0107enje KPI-jeva, analiza i izvje\u0161tavanje<\/li>\n<li>Vo\u0111enje online interakcije s korisnicima<\/li>\n<li>Postavljanje i vo\u0111enje Meta ogla\u0161avanja<\/li>\n<\/ul>\n<p><strong>Potrebna znanja i vje\u0161tine<\/strong><\/p>\n<ul>\n<li>Minimalno 2 godine iskustva u digitalnom ili social media managementu<\/li>\n<li>Iskustvo u radu s klijentima i vo\u0111enju digitalnih projekata<\/li>\n<li>Napredno poznavanje dru\u0161tvenih mre\u017ea i digitalnih alata (Google Analytics, Ads, Meta Business Suite i sl.)<\/li>\n<li>Izvrsne komunikacijske vje\u0161tine na hrvatskom i engleskom jeziku<\/li>\n<li>Razvijene organizacijske i projektne vje\u0161tine<\/li>\n<li>Kreativnost, samostalnost i odgovornost<\/li>\n<\/ul>\n<p><strong>Vrsta zaposlenja:<\/strong> stalni radni odnos<\/p>\n<p><strong>Mjesto rada<\/strong>: Vi\u017einada, mogu\u0107a i kombinacija Vi\u017einada \/ rad od doma<\/p>\n<p>&nbsp;<\/p>\n<p>&nbsp;<\/p>\n<p>&nbsp;<\/p>\n","protected":false},"excerpt":{"rendered":"<p>DIGITAL CONTENT MANAGER (m\/\u017e) Rok prijave: 16.02.2026. Prijave: \u017eivotopis i portfelj slati na posao@sonda.hr Opis radnog mjesta Tra\u017eimo novog \u010dlana ili \u010dlanicu na\u0161eg kreativnog tima. Osoba na ovoj poziciji odgovorna je za promociju projekata Sonde digitalnim kanalima te osmi\u0161ljavanje, vo\u0111enje i razvoj digitalnih sadr\u017eaja i projekata za Sondu i klijente uz blisku suradnju s kreativnim [&hellip;]<\/p>\n","protected":false},"author":4,"featured_media":0,"parent":0,"menu_order":0,"comment_status":"closed","ping_status":"closed","template":"","meta":{"_acf_changed":false,"footnotes":""},"class_list":["post-5903","page","type-page","status-publish","hentry"],"acf":{"gallery":""},"wpml_current_locale":"hr","wpml_translations":{"en_US":{"locale":"en_US","id":5909,"slug":"you","post_title":"YOU","href":"https:\/\/sonda.hr\/you\/"}},"_links":{"self":[{"href":"https:\/\/sonda.hr\/hr\/wp-json\/wp\/v2\/pages\/5903","targetHints":{"allow":["GET"]}}],"collection":[{"href":"https:\/\/sonda.hr\/hr\/wp-json\/wp\/v2\/pages"}],"about":[{"href":"https:\/\/sonda.hr\/hr\/wp-json\/wp\/v2\/types\/page"}],"author":[{"embeddable":true,"href":"https:\/\/sonda.hr\/hr\/wp-json\/wp\/v2\/users\/4"}],"replies":[{"embeddable":true,"href":"https:\/\/sonda.hr\/hr\/wp-json\/wp\/v2\/comments?post=5903"}],"version-history":[{"count":60,"href":"https:\/\/sonda.hr\/hr\/wp-json\/wp\/v2\/pages\/5903\/revisions"}],"predecessor-version":[{"id":10575,"href":"https:\/\/sonda.hr\/hr\/wp-json\/wp\/v2\/pages\/5903\/revisions\/10575"}],"wp:attachment":[{"href":"https:\/\/sonda.hr\/hr\/wp-json\/wp\/v2\/media?parent=5903"}],"curies":[{"name":"wp","href":"https:\/\/api.w.org\/{rel}","templated":true}]}}